{"id":521,"date":"2021-09-09T09:11:51","date_gmt":"2021-09-09T09:11:51","guid":{"rendered":"http:\/\/localhost\/machic\/?post_type=product&#038;p=521"},"modified":"2025-05-18T07:19:20","modified_gmt":"2025-05-18T07:19:20","slug":"apple-10-9-inch-ipad-air-wi-fi-cellular-64gb","status":"publish","type":"product","link":"https:\/\/tesourodonordeste.com\/?product=apple-10-9-inch-ipad-air-wi-fi-cellular-64gb","title":{"rendered":"Castanha de Caju com Cacau"},"content":{"rendered":"<p class=\"\" data-start=\"260\" data-end=\"566\">Uma combina\u00e7\u00e3o perfeita entre o sabor intenso do cacau e a croc\u00e2ncia irresist\u00edvel da castanha de caju nordestina.<br data-start=\"373\" data-end=\"376\" \/>Nossa <strong data-start=\"382\" data-end=\"412\">Castanha de Caju com Cacau<\/strong> \u00e9 um verdadeiro tesouro do Nordeste: cuidadosamente selecionada, levemente torrada e envolvida em uma camada de cacau puro, sem exageros e sem mist\u00e9rios.<\/p>\n<p class=\"\" data-start=\"568\" data-end=\"789\">Ideal para quem busca um snack saud\u00e1vel, energ\u00e9tico e com um toque de sofistica\u00e7\u00e3o natural.<br data-start=\"659\" data-end=\"662\" \/>Sem gl\u00faten, sem conservantes e rica em nutrientes, ela agrada tanto os paladares exigentes quanto os apaixonados por chocolate.<\/p>\n<p class=\"\" data-start=\"791\" data-end=\"859\"><strong data-start=\"791\" data-end=\"859\">Experimente o sabor aut\u00eantico do Nordeste com um toque de cacau!<\/strong><\/p>\n","protected":false},"excerpt":{"rendered":"<p>Uma combina\u00e7\u00e3o perfeita entre o sabor intenso do cacau e a croc\u00e2ncia irresist\u00edvel da castanha de caju nordestina.Nossa Castanha de Caju com Cacau \u00e9 um verdadeiro tesouro do Nordeste: cuidadosamente selecionada, levemente torrada e envolvida em uma camada de cacau puro, sem exageros e sem mist\u00e9rios. Ideal para quem busca um snack saud\u00e1vel, energ\u00e9tico e<\/p>\n<div class=\"klb-readmore entry-button\"><a class=\"btn read-more\" href=\"https:\/\/tesourodonordeste.com\/?product=apple-10-9-inch-ipad-air-wi-fi-cellular-64gb\">Read More<\/a><\/div>\n","protected":false},"featured_media":2662,"comment_status":"open","ping_status":"closed","template":"","meta":[],"product_brand":[],"product_cat":[133],"product_tag":[],"class_list":{"0":"post-521","1":"product","2":"type-product","3":"status-publish","4":"has-post-thumbnail","6":"product_cat-castanha-de-caju-com-cacau","7":"product_shipping_class-2-day-delivery","9":"first","10":"instock","11":"featured","12":"shipping-taxable","13":"purchasable","14":"product-type-simple"},"yoast_head":"<!-- This site is optimized with the Yoast SEO plugin v25.1 - https:\/\/yoast.com\/wordpress\/plugins\/seo\/ -->\n<title>Castanha de Caju com Cacau - Tesouro do Nordeste<\/title>\n<meta name=\"description\" content=\"Uma combina\u00e7\u00e3o perfeita entre o sabor intenso do cacau e a croc\u00e2ncia irresist\u00edvel da castanha de caju nordestina.Nossa Castanha de Caju com Cacau \u00e9 um verdadeiro tesouro do Nordeste: cuidadosamente selecionada, levemente torrada e envolvida em uma camada de cacau puro, sem exageros e sem mist\u00e9rios.Ideal para quem busca um snack saud\u00e1vel, energ\u00e9tico e com um toque de sofistica\u00e7\u00e3o natural.Sem gl\u00faten, sem conservantes e rica em nutrientes, ela agrada tanto os paladares exigentes quanto os apaixonados por chocolate.Experimente o sabor aut\u00eantico do Nordeste com um toque de cacau!\" \/>\n<meta name=\"robots\" content=\"index, follow, max-snippet:-1, max-image-preview:large, max-video-preview:-1\" \/>\n<link rel=\"canonical\" href=\"https:\/\/tesourodonordeste.com\/?product=apple-10-9-inch-ipad-air-wi-fi-cellular-64gb\" \/>\n<meta property=\"og:locale\" content=\"pt_BR\" \/>\n<meta property=\"og:type\" content=\"article\" \/>\n<meta property=\"og:title\" content=\"Castanha de Caju com Cacau - Tesouro do Nordeste\" \/>\n<meta property=\"og:description\" content=\"Uma combina\u00e7\u00e3o perfeita entre o sabor intenso do cacau e a croc\u00e2ncia irresist\u00edvel da castanha de caju nordestina.Nossa Castanha de Caju com Cacau \u00e9 um verdadeiro tesouro do Nordeste: cuidadosamente selecionada, levemente torrada e envolvida em uma camada de cacau puro, sem exageros e sem mist\u00e9rios.Ideal para quem busca um snack saud\u00e1vel, energ\u00e9tico e com um toque de sofistica\u00e7\u00e3o natural.Sem gl\u00faten, sem conservantes e rica em nutrientes, ela agrada tanto os paladares exigentes quanto os apaixonados por chocolate.Experimente o sabor aut\u00eantico do Nordeste com um toque de cacau!\" \/>\n<meta property=\"og:url\" content=\"https:\/\/tesourodonordeste.com\/?product=apple-10-9-inch-ipad-air-wi-fi-cellular-64gb\" \/>\n<meta property=\"og:site_name\" content=\"Tesouro do Nordeste\" \/>\n<meta property=\"article:modified_time\" content=\"2025-05-18T07:19:20+00:00\" \/>\n<meta property=\"og:image\" content=\"https:\/\/tesourodonordeste.com\/wp-content\/uploads\/2021\/09\/CACAU_10-min-scaled.jpg\" \/>\n\t<meta property=\"og:image:width\" content=\"1707\" \/>\n\t<meta property=\"og:image:height\" content=\"2560\" \/>\n\t<meta property=\"og:image:type\" content=\"image\/jpeg\" \/>\n<meta name=\"twitter:card\" content=\"summary_large_image\" \/>\n<meta name=\"twitter:label1\" content=\"Est. tempo de leitura\" \/>\n\t<meta name=\"twitter:data1\" content=\"1 minuto\" \/>\n<script type=\"application\/ld+json\" class=\"yoast-schema-graph\">{\"@context\":\"https:\/\/schema.org\",\"@graph\":[{\"@type\":\"WebPage\",\"@id\":\"https:\/\/tesourodonordeste.com\/?product=apple-10-9-inch-ipad-air-wi-fi-cellular-64gb\",\"url\":\"https:\/\/tesourodonordeste.com\/?product=apple-10-9-inch-ipad-air-wi-fi-cellular-64gb\",\"name\":\"Castanha de Caju com Cacau - Tesouro do Nordeste\",\"isPartOf\":{\"@id\":\"https:\/\/tesourodonordeste.com\/#website\"},\"primaryImageOfPage\":{\"@id\":\"https:\/\/tesourodonordeste.com\/?product=apple-10-9-inch-ipad-air-wi-fi-cellular-64gb#primaryimage\"},\"image\":{\"@id\":\"https:\/\/tesourodonordeste.com\/?product=apple-10-9-inch-ipad-air-wi-fi-cellular-64gb#primaryimage\"},\"thumbnailUrl\":\"https:\/\/tesourodonordeste.com\/wp-content\/uploads\/2021\/09\/CACAU_10-min-scaled.jpg\",\"datePublished\":\"2021-09-09T09:11:51+00:00\",\"dateModified\":\"2025-05-18T07:19:20+00:00\",\"description\":\"Uma combina\u00e7\u00e3o perfeita entre o sabor intenso do cacau e a croc\u00e2ncia irresist\u00edvel da castanha de caju nordestina.Nossa Castanha de Caju com Cacau \u00e9 um verdadeiro tesouro do Nordeste: cuidadosamente selecionada, levemente torrada e envolvida em uma camada de cacau puro, sem exageros e sem mist\u00e9rios.Ideal para quem busca um snack saud\u00e1vel, energ\u00e9tico e com um toque de sofistica\u00e7\u00e3o natural.Sem gl\u00faten, sem conservantes e rica em nutrientes, ela agrada tanto os paladares exigentes quanto os apaixonados por chocolate.Experimente o sabor aut\u00eantico do Nordeste com um toque de cacau!\",\"breadcrumb\":{\"@id\":\"https:\/\/tesourodonordeste.com\/?product=apple-10-9-inch-ipad-air-wi-fi-cellular-64gb#breadcrumb\"},\"inLanguage\":\"pt-BR\",\"potentialAction\":[{\"@type\":\"ReadAction\",\"target\":[\"https:\/\/tesourodonordeste.com\/?product=apple-10-9-inch-ipad-air-wi-fi-cellular-64gb\"]}]},{\"@type\":\"ImageObject\",\"inLanguage\":\"pt-BR\",\"@id\":\"https:\/\/tesourodonordeste.com\/?product=apple-10-9-inch-ipad-air-wi-fi-cellular-64gb#primaryimage\",\"url\":\"https:\/\/tesourodonordeste.com\/wp-content\/uploads\/2021\/09\/CACAU_10-min-scaled.jpg\",\"contentUrl\":\"https:\/\/tesourodonordeste.com\/wp-content\/uploads\/2021\/09\/CACAU_10-min-scaled.jpg\",\"width\":1707,\"height\":2560},{\"@type\":\"BreadcrumbList\",\"@id\":\"https:\/\/tesourodonordeste.com\/?product=apple-10-9-inch-ipad-air-wi-fi-cellular-64gb#breadcrumb\",\"itemListElement\":[{\"@type\":\"ListItem\",\"position\":1,\"name\":\"In\u00edcio\",\"item\":\"https:\/\/tesourodonordeste.com\/\"},{\"@type\":\"ListItem\",\"position\":2,\"name\":\"Shop\",\"item\":\"https:\/\/tesourodonordeste.com\/?page_id=1788\"},{\"@type\":\"ListItem\",\"position\":3,\"name\":\"Castanha de Caju com Cacau\"}]},{\"@type\":\"WebSite\",\"@id\":\"https:\/\/tesourodonordeste.com\/#website\",\"url\":\"https:\/\/tesourodonordeste.com\/\",\"name\":\"Tesouro do Nordeste\",\"description\":\"\",\"publisher\":{\"@id\":\"https:\/\/tesourodonordeste.com\/#organization\"},\"potentialAction\":[{\"@type\":\"SearchAction\",\"target\":{\"@type\":\"EntryPoint\",\"urlTemplate\":\"https:\/\/tesourodonordeste.com\/?s={search_term_string}\"},\"query-input\":{\"@type\":\"PropertyValueSpecification\",\"valueRequired\":true,\"valueName\":\"search_term_string\"}}],\"inLanguage\":\"pt-BR\"},{\"@type\":\"Organization\",\"@id\":\"https:\/\/tesourodonordeste.com\/#organization\",\"name\":\"Tesouro do Nordeste\",\"url\":\"https:\/\/tesourodonordeste.com\/\",\"logo\":{\"@type\":\"ImageObject\",\"inLanguage\":\"pt-BR\",\"@id\":\"https:\/\/tesourodonordeste.com\/#\/schema\/logo\/image\/\",\"url\":\"https:\/\/tesourodonordeste.com\/wp-content\/uploads\/2025\/05\/cvxb.png\",\"contentUrl\":\"https:\/\/tesourodonordeste.com\/wp-content\/uploads\/2025\/05\/cvxb.png\",\"width\":251,\"height\":97,\"caption\":\"Tesouro do Nordeste\"},\"image\":{\"@id\":\"https:\/\/tesourodonordeste.com\/#\/schema\/logo\/image\/\"}}]}<\/script>\n<!-- \/ Yoast SEO plugin. -->","yoast_head_json":{"title":"Castanha de Caju com Cacau - Tesouro do Nordeste","description":"Uma combina\u00e7\u00e3o perfeita entre o sabor intenso do cacau e a croc\u00e2ncia irresist\u00edvel da castanha de caju nordestina.Nossa Castanha de Caju com Cacau \u00e9 um verdadeiro tesouro do Nordeste: cuidadosamente selecionada, levemente torrada e envolvida em uma camada de cacau puro, sem exageros e sem mist\u00e9rios.Ideal para quem busca um snack saud\u00e1vel, energ\u00e9tico e com um toque de sofistica\u00e7\u00e3o natural.Sem gl\u00faten, sem conservantes e rica em nutrientes, ela agrada tanto os paladares exigentes quanto os apaixonados por chocolate.Experimente o sabor aut\u00eantico do Nordeste com um toque de cacau!","robots":{"index":"index","follow":"follow","max-snippet":"max-snippet:-1","max-image-preview":"max-image-preview:large","max-video-preview":"max-video-preview:-1"},"canonical":"https:\/\/tesourodonordeste.com\/?product=apple-10-9-inch-ipad-air-wi-fi-cellular-64gb","og_locale":"pt_BR","og_type":"article","og_title":"Castanha de Caju com Cacau - Tesouro do Nordeste","og_description":"Uma combina\u00e7\u00e3o perfeita entre o sabor intenso do cacau e a croc\u00e2ncia irresist\u00edvel da castanha de caju nordestina.Nossa Castanha de Caju com Cacau \u00e9 um verdadeiro tesouro do Nordeste: cuidadosamente selecionada, levemente torrada e envolvida em uma camada de cacau puro, sem exageros e sem mist\u00e9rios.Ideal para quem busca um snack saud\u00e1vel, energ\u00e9tico e com um toque de sofistica\u00e7\u00e3o natural.Sem gl\u00faten, sem conservantes e rica em nutrientes, ela agrada tanto os paladares exigentes quanto os apaixonados por chocolate.Experimente o sabor aut\u00eantico do Nordeste com um toque de cacau!","og_url":"https:\/\/tesourodonordeste.com\/?product=apple-10-9-inch-ipad-air-wi-fi-cellular-64gb","og_site_name":"Tesouro do Nordeste","article_modified_time":"2025-05-18T07:19:20+00:00","og_image":[{"width":1707,"height":2560,"url":"https:\/\/tesourodonordeste.com\/wp-content\/uploads\/2021\/09\/CACAU_10-min-scaled.jpg","type":"image\/jpeg"}],"twitter_card":"summary_large_image","twitter_misc":{"Est. tempo de leitura":"1 minuto"},"schema":{"@context":"https:\/\/schema.org","@graph":[{"@type":"WebPage","@id":"https:\/\/tesourodonordeste.com\/?product=apple-10-9-inch-ipad-air-wi-fi-cellular-64gb","url":"https:\/\/tesourodonordeste.com\/?product=apple-10-9-inch-ipad-air-wi-fi-cellular-64gb","name":"Castanha de Caju com Cacau - Tesouro do Nordeste","isPartOf":{"@id":"https:\/\/tesourodonordeste.com\/#website"},"primaryImageOfPage":{"@id":"https:\/\/tesourodonordeste.com\/?product=apple-10-9-inch-ipad-air-wi-fi-cellular-64gb#primaryimage"},"image":{"@id":"https:\/\/tesourodonordeste.com\/?product=apple-10-9-inch-ipad-air-wi-fi-cellular-64gb#primaryimage"},"thumbnailUrl":"https:\/\/tesourodonordeste.com\/wp-content\/uploads\/2021\/09\/CACAU_10-min-scaled.jpg","datePublished":"2021-09-09T09:11:51+00:00","dateModified":"2025-05-18T07:19:20+00:00","description":"Uma combina\u00e7\u00e3o perfeita entre o sabor intenso do cacau e a croc\u00e2ncia irresist\u00edvel da castanha de caju nordestina.Nossa Castanha de Caju com Cacau \u00e9 um verdadeiro tesouro do Nordeste: cuidadosamente selecionada, levemente torrada e envolvida em uma camada de cacau puro, sem exageros e sem mist\u00e9rios.Ideal para quem busca um snack saud\u00e1vel, energ\u00e9tico e com um toque de sofistica\u00e7\u00e3o natural.Sem gl\u00faten, sem conservantes e rica em nutrientes, ela agrada tanto os paladares exigentes quanto os apaixonados por chocolate.Experimente o sabor aut\u00eantico do Nordeste com um toque de cacau!","breadcrumb":{"@id":"https:\/\/tesourodonordeste.com\/?product=apple-10-9-inch-ipad-air-wi-fi-cellular-64gb#breadcrumb"},"inLanguage":"pt-BR","potentialAction":[{"@type":"ReadAction","target":["https:\/\/tesourodonordeste.com\/?product=apple-10-9-inch-ipad-air-wi-fi-cellular-64gb"]}]},{"@type":"ImageObject","inLanguage":"pt-BR","@id":"https:\/\/tesourodonordeste.com\/?product=apple-10-9-inch-ipad-air-wi-fi-cellular-64gb#primaryimage","url":"https:\/\/tesourodonordeste.com\/wp-content\/uploads\/2021\/09\/CACAU_10-min-scaled.jpg","contentUrl":"https:\/\/tesourodonordeste.com\/wp-content\/uploads\/2021\/09\/CACAU_10-min-scaled.jpg","width":1707,"height":2560},{"@type":"BreadcrumbList","@id":"https:\/\/tesourodonordeste.com\/?product=apple-10-9-inch-ipad-air-wi-fi-cellular-64gb#breadcrumb","itemListElement":[{"@type":"ListItem","position":1,"name":"In\u00edcio","item":"https:\/\/tesourodonordeste.com\/"},{"@type":"ListItem","position":2,"name":"Shop","item":"https:\/\/tesourodonordeste.com\/?page_id=1788"},{"@type":"ListItem","position":3,"name":"Castanha de Caju com Cacau"}]},{"@type":"WebSite","@id":"https:\/\/tesourodonordeste.com\/#website","url":"https:\/\/tesourodonordeste.com\/","name":"Tesouro do Nordeste","description":"","publisher":{"@id":"https:\/\/tesourodonordeste.com\/#organization"},"potentialAction":[{"@type":"SearchAction","target":{"@type":"EntryPoint","urlTemplate":"https:\/\/tesourodonordeste.com\/?s={search_term_string}"},"query-input":{"@type":"PropertyValueSpecification","valueRequired":true,"valueName":"search_term_string"}}],"inLanguage":"pt-BR"},{"@type":"Organization","@id":"https:\/\/tesourodonordeste.com\/#organization","name":"Tesouro do Nordeste","url":"https:\/\/tesourodonordeste.com\/","logo":{"@type":"ImageObject","inLanguage":"pt-BR","@id":"https:\/\/tesourodonordeste.com\/#\/schema\/logo\/image\/","url":"https:\/\/tesourodonordeste.com\/wp-content\/uploads\/2025\/05\/cvxb.png","contentUrl":"https:\/\/tesourodonordeste.com\/wp-content\/uploads\/2025\/05\/cvxb.png","width":251,"height":97,"caption":"Tesouro do Nordeste"},"image":{"@id":"https:\/\/tesourodonordeste.com\/#\/schema\/logo\/image\/"}}]}},"jetpack_sharing_enabled":true,"_links":{"self":[{"href":"https:\/\/tesourodonordeste.com\/index.php?rest_route=\/wp\/v2\/product\/521","targetHints":{"allow":["GET"]}}],"collection":[{"href":"https:\/\/tesourodonordeste.com\/index.php?rest_route=\/wp\/v2\/product"}],"about":[{"href":"https:\/\/tesourodonordeste.com\/index.php?rest_route=\/wp\/v2\/types\/product"}],"replies":[{"embeddable":true,"href":"https:\/\/tesourodonordeste.com\/index.php?rest_route=%2Fwp%2Fv2%2Fcomments&post=521"}],"wp:featuredmedia":[{"embeddable":true,"href":"https:\/\/tesourodonordeste.com\/index.php?rest_route=\/wp\/v2\/media\/2662"}],"wp:attachment":[{"href":"https:\/\/tesourodonordeste.com\/index.php?rest_route=%2Fwp%2Fv2%2Fmedia&parent=521"}],"wp:term":[{"taxonomy":"product_brand","embeddable":true,"href":"https:\/\/tesourodonordeste.com\/index.php?rest_route=%2Fwp%2Fv2%2Fproduct_brand&post=521"},{"taxonomy":"product_cat","embeddable":true,"href":"https:\/\/tesourodonordeste.com\/index.php?rest_route=%2Fwp%2Fv2%2Fproduct_cat&post=521"},{"taxonomy":"product_tag","embeddable":true,"href":"https:\/\/tesourodonordeste.com\/index.php?rest_route=%2Fwp%2Fv2%2Fproduct_tag&post=521"}],"curies":[{"name":"wp","href":"https:\/\/api.w.org\/{rel}","templated":true}]}}