{"id":929,"date":"2021-09-13T13:04:29","date_gmt":"2021-09-13T13:04:29","guid":{"rendered":"http:\/\/localhost\/machic\/?page_id=929"},"modified":"2025-05-18T07:49:37","modified_gmt":"2025-05-18T07:49:37","slug":"inicio","status":"publish","type":"page","link":"https:\/\/tesourodonordeste.com\/","title":{"rendered":"In\u00edcio"},"content":{"rendered":"\t\t<div data-elementor-type=\"wp-page\" data-elementor-id=\"929\" class=\"elementor elementor-929\">\n\t\t\t\t\t\t<section class=\"elementor-section elementor-top-section elementor-element elementor-element-691f15c elementor-section-full_width elementor-hidden-mobile elementor-section-height-default elementor-section-height-default\" data-id=\"691f15c\" data-element_type=\"section\">\n\t\t\t\t\t\t<div class=\"elementor-container elementor-column-gap-no\">\n\t\t\t\t\t<div class=\"elementor-column elementor-col-100 elementor-top-column elementor-element elementor-element-339da72\" data-id=\"339da72\" data-element_type=\"column\">\n\t\t\t<div class=\"elementor-widget-wrap elementor-element-populated\">\n\t\t\t\t\t\t<div class=\"elementor-element elementor-element-ac52cb3 elementor-widget elementor-widget-machic-home-slider\" data-id=\"ac52cb3\" data-element_type=\"widget\" data-widget_type=\"machic-home-slider.default\">\n\t\t\t\t<div class=\"elementor-widget-container\">\n\t\t\t\t\t<div class=\"site-module slider-module full-width\"><div class=\"swiper-container\" data-effect=\"slide\" data-direction=\"horizontal\" data-loop=\"true\" data-speed=\"1000\" data-spacebetween=\"0\" data-autoplay=\"\" data-autospeed=\"\" data-items=\"1\" data-mobileitems=\"1\" data-tabletitems=\"1\"><div class=\"swiper-wrapper\"><div class=\"swiper-slide\"><div class=\"banner dark align-center large\"><div class=\"banner-content\"><div class=\"banner-content-wrapper\"><h3 class=\"entry-title\"> <strong><\/strong><\/h3><div class=\"entry-description\"><p><\/p><\/div><\/div><\/div><div class=\"banner-image\"><img decoding=\"async\" src=\"https:\/\/tesourodonordeste.com\/wp-content\/uploads\/2025\/05\/topo_site.jpg\" alt=\"slider\"><\/div><a class=\"overlay-link\" href=\"\"><\/a><\/div><\/div><\/div><\/div><\/div>\t\t\t\t<\/div>\n\t\t\t\t<\/div>\n\t\t\t\t\t<\/div>\n\t\t<\/div>\n\t\t\t\t\t<\/div>\n\t\t<\/section>\n\t\t\t\t<section class=\"elementor-section elementor-top-section elementor-element elementor-element-3b0d1a1 elementor-section-boxed elementor-section-height-default elementor-section-height-default\" data-id=\"3b0d1a1\" data-element_type=\"section\">\n\t\t\t\t\t\t<div class=\"elementor-container elementor-column-gap-extended\">\n\t\t\t\t\t<div class=\"elementor-column elementor-col-25 elementor-top-column elementor-element elementor-element-5bbc87b\" data-id=\"5bbc87b\" data-element_type=\"column\">\n\t\t\t<div class=\"elementor-widget-wrap elementor-element-populated\">\n\t\t\t\t\t\t<div class=\"elementor-element elementor-element-97892be elementor-widget elementor-widget-machic-icon-box\" data-id=\"97892be\" data-element_type=\"widget\" data-widget_type=\"machic-icon-box.default\">\n\t\t\t\t<div class=\"elementor-widget-container\">\n\t\t\t\t\t<div class=\"klb-icon-box site-module iconbox-module\"><div class=\"icon\"><a href=\"\" ><i class=\"klbth-icon-shipment\"><\/i><\/a><\/div><!-- icon --><div class=\"content\"><a href=\"\" ><h4 class=\"entry-title\">Entrega gr\u00e1tis<\/h4><p>Frete gr\u00e1tis para todos os pedidos acima de R$100<\/p><\/div><!-- content --><\/a><\/div>\t\t\t\t<\/div>\n\t\t\t\t<\/div>\n\t\t\t\t\t<\/div>\n\t\t<\/div>\n\t\t\t\t<div class=\"elementor-column elementor-col-25 elementor-top-column elementor-element elementor-element-065ec1c\" data-id=\"065ec1c\" data-element_type=\"column\">\n\t\t\t<div class=\"elementor-widget-wrap elementor-element-populated\">\n\t\t\t\t\t\t<div class=\"elementor-element elementor-element-3f0d5e3 elementor-widget elementor-widget-machic-icon-box\" data-id=\"3f0d5e3\" data-element_type=\"widget\" data-widget_type=\"machic-icon-box.default\">\n\t\t\t\t<div class=\"elementor-widget-container\">\n\t\t\t\t\t<div class=\"klb-icon-box site-module iconbox-module\"><div class=\"icon\"><a href=\"\" ><i class=\"klbth-icon-operator-1\"><\/i><\/a><\/div><!-- icon --><div class=\"content\"><a href=\"\" ><h4 class=\"entry-title\">Suporte online 24\/7<\/h4><p>Suporte online 24 horas por dia<\/p><\/div><!-- content --><\/a><\/div>\t\t\t\t<\/div>\n\t\t\t\t<\/div>\n\t\t\t\t\t<\/div>\n\t\t<\/div>\n\t\t\t\t<div class=\"elementor-column elementor-col-25 elementor-top-column elementor-element elementor-element-0dcd911\" data-id=\"0dcd911\" data-element_type=\"column\">\n\t\t\t<div class=\"elementor-widget-wrap elementor-element-populated\">\n\t\t\t\t\t\t<div class=\"elementor-element elementor-element-c73a023 elementor-widget elementor-widget-machic-icon-box\" data-id=\"c73a023\" data-element_type=\"widget\" data-widget_type=\"machic-icon-box.default\">\n\t\t\t\t<div class=\"elementor-widget-container\">\n\t\t\t\t\t<div class=\"klb-icon-box site-module iconbox-module\"><div class=\"icon\"><a href=\"\" ><i class=\"klbth-icon-credit-card-2\"><\/i><\/a><\/div><!-- icon --><div class=\"content\"><a href=\"\" ><h4 class=\"entry-title\">Devolu\u00e7\u00e3o de dinheiro<\/h4><p>Garantia de devolu\u00e7\u00e3o em menos de 7 dias<\/p><\/div><!-- content --><\/a><\/div>\t\t\t\t<\/div>\n\t\t\t\t<\/div>\n\t\t\t\t\t<\/div>\n\t\t<\/div>\n\t\t\t\t<div class=\"elementor-column elementor-col-25 elementor-top-column elementor-element elementor-element-3f15ab8\" data-id=\"3f15ab8\" data-element_type=\"column\">\n\t\t\t<div class=\"elementor-widget-wrap elementor-element-populated\">\n\t\t\t\t\t\t<div class=\"elementor-element elementor-element-5143c60 elementor-widget elementor-widget-machic-icon-box\" data-id=\"5143c60\" data-element_type=\"widget\" data-widget_type=\"machic-icon-box.default\">\n\t\t\t\t<div class=\"elementor-widget-container\">\n\t\t\t\t\t<div class=\"klb-icon-box site-module iconbox-module\"><div class=\"icon\"><a href=\"\" ><i class=\"klbth-icon-discount34\"><\/i><\/a><\/div><!-- icon --><div class=\"content\"><a href=\"\" ><h4 class=\"entry-title\">Desconto para membros<\/h4><p>Em todos os pedidos acima de R$50<\/p><\/div><!-- content --><\/a><\/div>\t\t\t\t<\/div>\n\t\t\t\t<\/div>\n\t\t\t\t\t<\/div>\n\t\t<\/div>\n\t\t\t\t\t<\/div>\n\t\t<\/section>\n\t\t<div class=\"elementor-element elementor-element-91e900b e-flex e-con-boxed e-con e-parent\" data-id=\"91e900b\" data-element_type=\"container\">\n\t\t\t\t\t<div class=\"e-con-inner\">\n\t\t<div class=\"elementor-element elementor-element-ed21091 e-con-full e-flex e-con e-child\" data-id=\"ed21091\" data-element_type=\"container\">\n\t\t\t\t<div class=\"elementor-element elementor-element-1a948f8 elementor-widget elementor-widget-image\" data-id=\"1a948f8\" data-element_type=\"widget\" data-widget_type=\"image.default\">\n\t\t\t\t<div class=\"elementor-widget-container\">\n\t\t\t\t\t\t\t\t\t\t\t\t\t\t\t<img fetchpriority=\"high\" decoding=\"async\" width=\"538\" height=\"600\" src=\"https:\/\/tesourodonordeste.com\/wp-content\/uploads\/2025\/05\/benef_004.jpg\" class=\"attachment-large size-large wp-image-2613\" alt=\"\" srcset=\"https:\/\/tesourodonordeste.com\/wp-content\/uploads\/2025\/05\/benef_004.jpg 538w, https:\/\/tesourodonordeste.com\/wp-content\/uploads\/2025\/05\/benef_004-48x54.jpg 48w, https:\/\/tesourodonordeste.com\/wp-content\/uploads\/2025\/05\/benef_004-269x300.jpg 269w\" sizes=\"(max-width: 538px) 100vw, 538px\" \/>\t\t\t\t\t\t\t\t\t\t\t\t\t\t\t<\/div>\n\t\t\t\t<\/div>\n\t\t\t\t<\/div>\n\t\t<div class=\"elementor-element elementor-element-b562199 e-con-full e-flex e-con e-child\" data-id=\"b562199\" data-element_type=\"container\">\n\t\t\t\t<div class=\"elementor-element elementor-element-98e6df1 elementor-widget elementor-widget-image\" data-id=\"98e6df1\" data-element_type=\"widget\" data-widget_type=\"image.default\">\n\t\t\t\t<div class=\"elementor-widget-container\">\n\t\t\t\t\t\t\t\t\t\t\t\t\t\t\t<img decoding=\"async\" width=\"538\" height=\"600\" src=\"https:\/\/tesourodonordeste.com\/wp-content\/uploads\/2025\/05\/benef_002.jpg\" class=\"attachment-large size-large wp-image-2615\" alt=\"\" srcset=\"https:\/\/tesourodonordeste.com\/wp-content\/uploads\/2025\/05\/benef_002.jpg 538w, https:\/\/tesourodonordeste.com\/wp-content\/uploads\/2025\/05\/benef_002-48x54.jpg 48w, https:\/\/tesourodonordeste.com\/wp-content\/uploads\/2025\/05\/benef_002-269x300.jpg 269w\" sizes=\"(max-width: 538px) 100vw, 538px\" \/>\t\t\t\t\t\t\t\t\t\t\t\t\t\t\t<\/div>\n\t\t\t\t<\/div>\n\t\t\t\t<\/div>\n\t\t<div class=\"elementor-element elementor-element-16d1329 e-con-full e-flex e-con e-child\" data-id=\"16d1329\" data-element_type=\"container\">\n\t\t\t\t<div class=\"elementor-element elementor-element-93ae688 elementor-widget elementor-widget-image\" data-id=\"93ae688\" data-element_type=\"widget\" data-widget_type=\"image.default\">\n\t\t\t\t<div class=\"elementor-widget-container\">\n\t\t\t\t\t\t\t\t\t\t\t\t\t\t\t<img decoding=\"async\" width=\"538\" height=\"600\" src=\"https:\/\/tesourodonordeste.com\/wp-content\/uploads\/2025\/05\/benef_003.jpg\" class=\"attachment-large size-large wp-image-2617\" alt=\"\" srcset=\"https:\/\/tesourodonordeste.com\/wp-content\/uploads\/2025\/05\/benef_003.jpg 538w, https:\/\/tesourodonordeste.com\/wp-content\/uploads\/2025\/05\/benef_003-48x54.jpg 48w, https:\/\/tesourodonordeste.com\/wp-content\/uploads\/2025\/05\/benef_003-269x300.jpg 269w\" sizes=\"(max-width: 538px) 100vw, 538px\" \/>\t\t\t\t\t\t\t\t\t\t\t\t\t\t\t<\/div>\n\t\t\t\t<\/div>\n\t\t\t\t<\/div>\n\t\t<div class=\"elementor-element elementor-element-937ac86 e-con-full e-flex e-con e-child\" data-id=\"937ac86\" data-element_type=\"container\">\n\t\t\t\t<div class=\"elementor-element elementor-element-e72bfe4 elementor-widget elementor-widget-image\" data-id=\"e72bfe4\" data-element_type=\"widget\" data-widget_type=\"image.default\">\n\t\t\t\t<div class=\"elementor-widget-container\">\n\t\t\t\t\t\t\t\t\t\t\t\t\t\t\t<img loading=\"lazy\" decoding=\"async\" width=\"538\" height=\"600\" src=\"https:\/\/tesourodonordeste.com\/wp-content\/uploads\/2025\/05\/benef_001.jpg\" class=\"attachment-large size-large wp-image-2621\" alt=\"\" srcset=\"https:\/\/tesourodonordeste.com\/wp-content\/uploads\/2025\/05\/benef_001.jpg 538w, https:\/\/tesourodonordeste.com\/wp-content\/uploads\/2025\/05\/benef_001-48x54.jpg 48w, https:\/\/tesourodonordeste.com\/wp-content\/uploads\/2025\/05\/benef_001-269x300.jpg 269w\" sizes=\"(max-width: 538px) 100vw, 538px\" \/>\t\t\t\t\t\t\t\t\t\t\t\t\t\t\t<\/div>\n\t\t\t\t<\/div>\n\t\t\t\t<\/div>\n\t\t\t\t\t<\/div>\n\t\t\t\t<\/div>\n\t\t\t\t<section class=\"elementor-section elementor-top-section elementor-element elementor-element-55ef817 elementor-section-boxed elementor-section-height-default elementor-section-height-default\" data-id=\"55ef817\" data-element_type=\"section\">\n\t\t\t\t\t\t<div class=\"elementor-container elementor-column-gap-extended\">\n\t\t\t\t\t<div class=\"elementor-column elementor-col-100 elementor-top-column elementor-element elementor-element-64c48a6\" data-id=\"64c48a6\" data-element_type=\"column\">\n\t\t\t<div class=\"elementor-widget-wrap elementor-element-populated\">\n\t\t\t\t\t\t<div class=\"elementor-element elementor-element-57bc36c elementor-widget elementor-widget-machic-product-grid\" data-id=\"57bc36c\" data-element_type=\"widget\" data-widget_type=\"machic-product-grid.default\">\n\t\t\t\t<div class=\"elementor-widget-container\">\n\t\t\t\t\t<div class=\"site-module products-module\"><div class=\"module-header\"><h4 class=\"entry-title\">Mais vendidos<\/h4><div class=\"product-countdown\"><div class=\"countdown\" data-date=\"2025\/06\/30\" data-text=\"Expired\"><div class=\"count-item days\"><\/div><span>:<\/span><div class=\"count-item hours\"><\/div><span>:<\/span><div class=\"count-item minutes\"><\/div><span>:<\/span><div class=\"count-item second\"><\/div><\/div><!-- countdown --><div class=\"countdown-text\">Permanece at\u00e9 o final da oferta<\/div><\/div><a href=\"#\"  class=\"btn link\">Ver tudo <i class=\"klbth-icon-right-arrow\"><\/i><\/a><\/div><div class=\"module-wrapper\"><div class=\"products column-5 mobile-2  total-5\"><div class=\"product type-product post-521 status-publish first instock product_cat-castanha-de-caju-com-cacau has-post-thumbnail featured shipping-taxable purchasable product-type-simple\"><div class=\"product-wrapper product-type-3\"><div class=\"product-content\"><div class=\"thumbnail-wrapper\"><a href=\"https:\/\/tesourodonordeste.com\/?product=apple-10-9-inch-ipad-air-wi-fi-cellular-64gb\"><img decoding=\"async\" src=\"https:\/\/tesourodonordeste.com\/wp-content\/uploads\/2021\/09\/CACAU_10-min-scaled-400x400.jpg\" alt=\"Castanha de Caju com Cacau\"><\/a><div class=\"product-buttons\"><a href=\"https:\/\/tesourodonordeste.com\/\" class=\"wishlist klbwl-btn klbwl-btn-521\" data-product_id=\"521\" data-product_title=\"Castanha de Caju com Cacau\">Add to wishlist<\/a><a href=\"https:\/\/tesourodonordeste.com\/?page_id=1788&#038;featured=yes\" class=\"most-comments\"><img decoding=\"async\" src=\"https:\/\/tesourodonordeste.com\/wp-content\/themes\/machic\/assets\/images\/featured.png\" alt=\"featured\"><\/a><a href=\"?add-to-compare=521\" class=\"klbcp-btn klbcp-btn-521\" data-id=\"521\" data-product_name=\"Castanha de Caju com Cacau\" data-product_image=\"https:\/\/tesourodonordeste.com\/wp-content\/uploads\/2021\/09\/CACAU_10-min-150x150.jpg\"> Compare<\/a><a data-product_id=\"521\" class=\"detail-bnt quickview animated\"><i class=\"klbth-icon-eye-empty\"><\/i><\/a><\/div><!-- product-buttons --><\/div><!-- thumbnail-wrapper --><div class=\"content-wrapper\"><h3 class=\"product-title\"><a href=\"https:\/\/tesourodonordeste.com\/?product=apple-10-9-inch-ipad-air-wi-fi-cellular-64gb\">Castanha de Caju com Cacau<\/a><\/h3><div class=\"product-rating\"><div class=\"star-rating\" role=\"img\" aria-label=\"Avalia\u00e7\u00e3o 5.00 de 5\"><span style=\"width:100%\">Avalia\u00e7\u00e3o <strong class=\"rating\">5.00<\/strong> de 5<\/span><\/div><div class=\"count-rating\">1 <span class=\"rating-text\">Ratings<\/span><\/div><\/div><span class=\"price\"><span class=\"woocommerce-Price-amount amount\"><bdi><span class=\"woocommerce-Price-currencySymbol\">&#82;&#36;<\/span>&nbsp;12,90<\/bdi><\/span><\/span><!-- price --><div class=\"product-meta\"><div class=\"product-message color-light\">2-day Delivery<\/div><\/div><!-- product-meta --><\/div><!-- content-wrapper --><\/div><!-- product-content --><div class=\"product-footer\"><div class=\"product-footer-buttons\"><a href=\"?add-to-cart=521\" aria-describedby=\"woocommerce_loop_add_to_cart_link_describedby_521\" data-quantity=\"1\" class=\"button product_type_simple add_to_cart_button ajax_add_to_cart\" data-product_id=\"521\" data-product_sku=\"BE45VGRT\" aria-label=\"Adicione ao carrinho: &ldquo;Castanha de Caju com Cacau&rdquo;\" rel=\"nofollow\" data-success_message=\"\u201cCastanha de Caju com Cacau\u201d foi adicionado ao seu carrinho\" data-product_name=\"Castanha de Caju com Cacau\" data-price=\"12.90\"><i class=\"klbth-icon-shop-1\"><\/i> Adicionar ao carrinho<\/a>\t<span id=\"woocommerce_loop_add_to_cart_link_describedby_521\" class=\"screen-reader-text\">\n\t\t\t<\/span>\n<\/div><!-- product-footer-buttons --><\/div><!-- product-footer --><\/div><!-- product-wrapper --><div class=\"product-content-fade\"><\/div><\/div><\/div><\/div><\/div>\t\t\t\t<\/div>\n\t\t\t\t<\/div>\n\t\t\t\t\t<\/div>\n\t\t<\/div>\n\t\t\t\t\t<\/div>\n\t\t<\/section>\n\t\t\t\t<section class=\"elementor-section elementor-top-section elementor-element elementor-element-16ad886 elementor-section-boxed elementor-section-height-default elementor-section-height-default\" data-id=\"16ad886\" data-element_type=\"section\">\n\t\t\t\t\t\t<div class=\"elementor-container elementor-column-gap-extended\">\n\t\t\t\t\t<div class=\"elementor-column elementor-col-100 elementor-top-column elementor-element elementor-element-a3fd9da\" data-id=\"a3fd9da\" data-element_type=\"column\">\n\t\t\t<div class=\"elementor-widget-wrap elementor-element-populated\">\n\t\t\t\t\t\t<div class=\"elementor-element elementor-element-2272852 elementor-widget elementor-widget-machic-text-banner\" data-id=\"2272852\" data-element_type=\"widget\" data-widget_type=\"machic-text-banner.default\">\n\t\t\t\t<div class=\"elementor-widget-container\">\n\t\t\t\t\t<div class=\"site-module coupon-banner-module\"><div class=\"module-wrapper\"><div class=\"coupon-banner light\"><div class=\"coupon-detail\"><div class=\"text\"><h4 class=\"entry-title\">Super desconto na sua primeira compra <\/h4><div class=\"entry-description\">Use o c\u00f3digo de desconto na p\u00e1gina de finaliza\u00e7\u00e3o da compra.<\/div><\/div><div class=\"entry-coupon\"><i class=\"klbth-icon-ticket\"><\/i> <strong>TESOURO25<\/strong><\/div><\/div><a href=\"#\"  class=\"overlay-link\"><\/a><\/div><\/div><\/div>\t\t\t\t<\/div>\n\t\t\t\t<\/div>\n\t\t\t\t\t<\/div>\n\t\t<\/div>\n\t\t\t\t\t<\/div>\n\t\t<\/section>\n\t\t\t\t<\/div>\n\t\t","protected":false},"excerpt":{"rendered":"<p>Entrega gr\u00e1tis Frete gr\u00e1tis para todos os pedidos acima de R$100 Suporte online 24\/7 Suporte online 24 horas por dia Devolu\u00e7\u00e3o de dinheiro Garantia de devolu\u00e7\u00e3o em menos de 7 dias Desconto para membros Em todos os pedidos acima de R$50 Mais vendidos :::Permanece at\u00e9 o final da ofertaVer tudo Add to wishlist Compare Castanha<\/p>\n<div class=\"klb-readmore entry-button\"><a class=\"btn read-more\" href=\"https:\/\/tesourodonordeste.com\/?product=apple-10-9-inch-ipad-air-wi-fi-cellular-64gb\">Read More<\/a><\/div>\n","protected":false},"author":1,"featured_media":0,"parent":0,"menu_order":0,"comment_status":"closed","ping_status":"closed","template":"","meta":{"footnotes":""},"class_list":["post-929","page","type-page","status-publish","hentry"],"yoast_head":"<!-- This site is optimized with the Yoast SEO plugin v25.1 - https:\/\/yoast.com\/wordpress\/plugins\/seo\/ -->\n<title>In\u00edcio - Tesouro do Nordeste<\/title>\n<meta name=\"robots\" content=\"index, follow, max-snippet:-1, max-image-preview:large, max-video-preview:-1\" \/>\n<link rel=\"canonical\" href=\"https:\/\/tesourodonordeste.com\/\" \/>\n<meta property=\"og:locale\" content=\"pt_BR\" \/>\n<meta property=\"og:type\" content=\"article\" \/>\n<meta property=\"og:title\" content=\"In\u00edcio - Tesouro do Nordeste\" \/>\n<meta property=\"og:description\" content=\"Entrega gr\u00e1tis Frete gr\u00e1tis para todos os pedidos acima de R$100 Suporte online 24\/7 Suporte online 24 horas por dia Devolu\u00e7\u00e3o de dinheiro Garantia de devolu\u00e7\u00e3o em menos de 7 dias Desconto para membros Em todos os pedidos acima de R$50 Mais vendidos :::Permanece at\u00e9 o final da ofertaVer tudo Add to wishlist Compare CastanhaRead More\" \/>\n<meta property=\"og:url\" content=\"https:\/\/tesourodonordeste.com\/\" \/>\n<meta property=\"og:site_name\" content=\"Tesouro do Nordeste\" \/>\n<meta property=\"article:modified_time\" content=\"2025-05-18T07:49:37+00:00\" \/>\n<meta property=\"og:image\" content=\"https:\/\/tesourodonordeste.com\/wp-content\/uploads\/2025\/05\/topo_site.jpg\" \/>\n<meta name=\"twitter:card\" content=\"summary_large_image\" \/>\n<meta name=\"twitter:label1\" content=\"Est. tempo de leitura\" \/>\n\t<meta name=\"twitter:data1\" content=\"3 minutos\" \/>\n<script type=\"application\/ld+json\" class=\"yoast-schema-graph\">{\"@context\":\"https:\/\/schema.org\",\"@graph\":[{\"@type\":\"WebPage\",\"@id\":\"https:\/\/tesourodonordeste.com\/\",\"url\":\"https:\/\/tesourodonordeste.com\/\",\"name\":\"In\u00edcio - Tesouro do Nordeste\",\"isPartOf\":{\"@id\":\"https:\/\/tesourodonordeste.com\/#website\"},\"primaryImageOfPage\":{\"@id\":\"https:\/\/tesourodonordeste.com\/#primaryimage\"},\"image\":{\"@id\":\"https:\/\/tesourodonordeste.com\/#primaryimage\"},\"thumbnailUrl\":\"https:\/\/tesourodonordeste.com\/wp-content\/uploads\/2025\/05\/topo_site.jpg\",\"datePublished\":\"2021-09-13T13:04:29+00:00\",\"dateModified\":\"2025-05-18T07:49:37+00:00\",\"breadcrumb\":{\"@id\":\"https:\/\/tesourodonordeste.com\/#breadcrumb\"},\"inLanguage\":\"pt-BR\",\"potentialAction\":[{\"@type\":\"ReadAction\",\"target\":[\"https:\/\/tesourodonordeste.com\/\"]}]},{\"@type\":\"ImageObject\",\"inLanguage\":\"pt-BR\",\"@id\":\"https:\/\/tesourodonordeste.com\/#primaryimage\",\"url\":\"https:\/\/tesourodonordeste.com\/wp-content\/uploads\/2025\/05\/topo_site.jpg\",\"contentUrl\":\"https:\/\/tesourodonordeste.com\/wp-content\/uploads\/2025\/05\/topo_site.jpg\",\"width\":2501,\"height\":398},{\"@type\":\"BreadcrumbList\",\"@id\":\"https:\/\/tesourodonordeste.com\/#breadcrumb\",\"itemListElement\":[{\"@type\":\"ListItem\",\"position\":1,\"name\":\"In\u00edcio\",\"item\":\"https:\/\/tesourodonordeste.com\/\"},{\"@type\":\"ListItem\",\"position\":2,\"name\":\"In\u00edcio\"}]},{\"@type\":\"WebSite\",\"@id\":\"https:\/\/tesourodonordeste.com\/#website\",\"url\":\"https:\/\/tesourodonordeste.com\/\",\"name\":\"Tesouro do Nordeste\",\"description\":\"\",\"publisher\":{\"@id\":\"https:\/\/tesourodonordeste.com\/#organization\"},\"potentialAction\":[{\"@type\":\"SearchAction\",\"target\":{\"@type\":\"EntryPoint\",\"urlTemplate\":\"https:\/\/tesourodonordeste.com\/?s={search_term_string}\"},\"query-input\":{\"@type\":\"PropertyValueSpecification\",\"valueRequired\":true,\"valueName\":\"search_term_string\"}}],\"inLanguage\":\"pt-BR\"},{\"@type\":\"Organization\",\"@id\":\"https:\/\/tesourodonordeste.com\/#organization\",\"name\":\"Tesouro do Nordeste\",\"url\":\"https:\/\/tesourodonordeste.com\/\",\"logo\":{\"@type\":\"ImageObject\",\"inLanguage\":\"pt-BR\",\"@id\":\"https:\/\/tesourodonordeste.com\/#\/schema\/logo\/image\/\",\"url\":\"https:\/\/tesourodonordeste.com\/wp-content\/uploads\/2025\/05\/cvxb.png\",\"contentUrl\":\"https:\/\/tesourodonordeste.com\/wp-content\/uploads\/2025\/05\/cvxb.png\",\"width\":251,\"height\":97,\"caption\":\"Tesouro do Nordeste\"},\"image\":{\"@id\":\"https:\/\/tesourodonordeste.com\/#\/schema\/logo\/image\/\"}}]}<\/script>\n<!-- \/ Yoast SEO plugin. -->","yoast_head_json":{"title":"In\u00edcio - Tesouro do Nordeste","robots":{"index":"index","follow":"follow","max-snippet":"max-snippet:-1","max-image-preview":"max-image-preview:large","max-video-preview":"max-video-preview:-1"},"canonical":"https:\/\/tesourodonordeste.com\/","og_locale":"pt_BR","og_type":"article","og_title":"In\u00edcio - Tesouro do Nordeste","og_description":"Entrega gr\u00e1tis Frete gr\u00e1tis para todos os pedidos acima de R$100 Suporte online 24\/7 Suporte online 24 horas por dia Devolu\u00e7\u00e3o de dinheiro Garantia de devolu\u00e7\u00e3o em menos de 7 dias Desconto para membros Em todos os pedidos acima de R$50 Mais vendidos :::Permanece at\u00e9 o final da ofertaVer tudo Add to wishlist Compare CastanhaRead More","og_url":"https:\/\/tesourodonordeste.com\/","og_site_name":"Tesouro do Nordeste","article_modified_time":"2025-05-18T07:49:37+00:00","og_image":[{"url":"https:\/\/tesourodonordeste.com\/wp-content\/uploads\/2025\/05\/topo_site.jpg","type":"","width":"","height":""}],"twitter_card":"summary_large_image","twitter_misc":{"Est. tempo de leitura":"3 minutos"},"schema":{"@context":"https:\/\/schema.org","@graph":[{"@type":"WebPage","@id":"https:\/\/tesourodonordeste.com\/","url":"https:\/\/tesourodonordeste.com\/","name":"In\u00edcio - Tesouro do Nordeste","isPartOf":{"@id":"https:\/\/tesourodonordeste.com\/#website"},"primaryImageOfPage":{"@id":"https:\/\/tesourodonordeste.com\/#primaryimage"},"image":{"@id":"https:\/\/tesourodonordeste.com\/#primaryimage"},"thumbnailUrl":"https:\/\/tesourodonordeste.com\/wp-content\/uploads\/2025\/05\/topo_site.jpg","datePublished":"2021-09-13T13:04:29+00:00","dateModified":"2025-05-18T07:49:37+00:00","breadcrumb":{"@id":"https:\/\/tesourodonordeste.com\/#breadcrumb"},"inLanguage":"pt-BR","potentialAction":[{"@type":"ReadAction","target":["https:\/\/tesourodonordeste.com\/"]}]},{"@type":"ImageObject","inLanguage":"pt-BR","@id":"https:\/\/tesourodonordeste.com\/#primaryimage","url":"https:\/\/tesourodonordeste.com\/wp-content\/uploads\/2025\/05\/topo_site.jpg","contentUrl":"https:\/\/tesourodonordeste.com\/wp-content\/uploads\/2025\/05\/topo_site.jpg","width":2501,"height":398},{"@type":"BreadcrumbList","@id":"https:\/\/tesourodonordeste.com\/#breadcrumb","itemListElement":[{"@type":"ListItem","position":1,"name":"In\u00edcio","item":"https:\/\/tesourodonordeste.com\/"},{"@type":"ListItem","position":2,"name":"In\u00edcio"}]},{"@type":"WebSite","@id":"https:\/\/tesourodonordeste.com\/#website","url":"https:\/\/tesourodonordeste.com\/","name":"Tesouro do Nordeste","description":"","publisher":{"@id":"https:\/\/tesourodonordeste.com\/#organization"},"potentialAction":[{"@type":"SearchAction","target":{"@type":"EntryPoint","urlTemplate":"https:\/\/tesourodonordeste.com\/?s={search_term_string}"},"query-input":{"@type":"PropertyValueSpecification","valueRequired":true,"valueName":"search_term_string"}}],"inLanguage":"pt-BR"},{"@type":"Organization","@id":"https:\/\/tesourodonordeste.com\/#organization","name":"Tesouro do Nordeste","url":"https:\/\/tesourodonordeste.com\/","logo":{"@type":"ImageObject","inLanguage":"pt-BR","@id":"https:\/\/tesourodonordeste.com\/#\/schema\/logo\/image\/","url":"https:\/\/tesourodonordeste.com\/wp-content\/uploads\/2025\/05\/cvxb.png","contentUrl":"https:\/\/tesourodonordeste.com\/wp-content\/uploads\/2025\/05\/cvxb.png","width":251,"height":97,"caption":"Tesouro do Nordeste"},"image":{"@id":"https:\/\/tesourodonordeste.com\/#\/schema\/logo\/image\/"}}]}},"jetpack_sharing_enabled":true,"_links":{"self":[{"href":"https:\/\/tesourodonordeste.com\/index.php?rest_route=\/wp\/v2\/pages\/929","targetHints":{"allow":["GET"]}}],"collection":[{"href":"https:\/\/tesourodonordeste.com\/index.php?rest_route=\/wp\/v2\/pages"}],"about":[{"href":"https:\/\/tesourodonordeste.com\/index.php?rest_route=\/wp\/v2\/types\/page"}],"author":[{"embeddable":true,"href":"https:\/\/tesourodonordeste.com\/index.php?rest_route=\/wp\/v2\/users\/1"}],"replies":[{"embeddable":true,"href":"https:\/\/tesourodonordeste.com\/index.php?rest_route=%2Fwp%2Fv2%2Fcomments&post=929"}],"version-history":[{"count":37,"href":"https:\/\/tesourodonordeste.com\/index.php?rest_route=\/wp\/v2\/pages\/929\/revisions"}],"predecessor-version":[{"id":2671,"href":"https:\/\/tesourodonordeste.com\/index.php?rest_route=\/wp\/v2\/pages\/929\/revisions\/2671"}],"wp:attachment":[{"href":"https:\/\/tesourodonordeste.com\/index.php?rest_route=%2Fwp%2Fv2%2Fmedia&parent=929"}],"curies":[{"name":"wp","href":"https:\/\/api.w.org\/{rel}","templated":true}]}}